{"id":31877,"date":"2019-03-15T18:22:05","date_gmt":"2019-03-15T17:22:05","guid":{"rendered":"https:\/\/lesmaisonsdumaquis.com\/legal-notice\/"},"modified":"2019-03-15T18:22:05","modified_gmt":"2019-03-15T17:22:05","slug":"legal-notice","status":"publish","type":"page","link":"https:\/\/lesmaisonsdumaquis.com\/en\/legal-notice\/","title":{"rendered":"Legal Notice"},"content":{"rendered":"<div class=\"title-h5\">Mentions l\u00e9gales<\/div>\n<p><span style=\"color: #a59549;\"><strong>\u00c9diteur du site<\/strong><\/span><\/p>\n<p>SARL Les Maisons du Maquis<br \/>\nLes Hauts de Sant\u2019 Amanza<br \/>\n20169 Bonifacio<br \/>\n+33 (0)6 52 47 34 28<br \/>\ncontact@lesmaisonsdumaquis.com<br \/>\nSIREN : 80925394100011<\/p>\n<p><strong><span style=\"color: #a59549;\">Serveur d&#8217;h\u00e9bergement<\/span><\/strong><\/p>\n<p>OVH &#8211; SAS au capital de 10 000 000 \u20ac<br \/>\nRCS Roubaix \u2013 Tourcoing 424 761 419 00045<br \/>\nCode APE 6202A &#8211; N\u00b0 TVA : FR 22 424 761 419<br \/>\nSi\u00e8ge social : 2 rue Kellermann 59100 Roubaix &#8211; France.<\/p>\n<p>OVH s\u2019engage \u00e0 se conformer aux obligations lui incombant en vertu des r\u00e9glementations suscit\u00e9es et, particuli\u00e8rement, du R\u00e8glement g\u00e9n\u00e9ral sur la protection des donn\u00e9es (RGPD).<\/p>\n<p><strong><span style=\"color: #a59549;\">Conception<\/span><\/strong><\/p>\n<p><strong>SARL RSK <\/strong><br \/>\nCapital : 1 000 \u20ac<br \/>\nRCS : Bastia B 514 264 860<br \/>\nSiret : 514 264 860 00016<br \/>\nCode APE 6201Z<br \/>\nSi\u00e8ge social : RTE DE BONIFACIO, 20137 PORTO-VECCHIO.<br \/>\nTel : + 33 (0)4 95 21 20 25<br \/>\nMobile : +33 (0)6 25 69 84 01<br \/>\nSite : <a href=\"http:\/\/www.rskcom.com\/\">http:\/\/www.rskcom.com\/<\/a><\/p>\n<p><strong><span style=\"color: #a59549;\">Protection des donn\u00e9es nominatives<\/span><\/strong><\/p>\n<p>Les informations personnelles recueillies sont destin\u00e9es \u00e0 un usage interne. En aucun cas elles ne seront c\u00e9d\u00e9es ou vendues \u00e0 des tiers. En application de l&#8217;article 27 de la loi n\u00b0 78-17 du 6 janvier 1978 modifi\u00e9e \u00ab Loi Informatique et Libert\u00e9s \u00bb, vous disposez d&#8217;un droit d&#8217;acc\u00e8s, de rectification, de modification et de suppression des donn\u00e9es vous concernant. Vous pouvez exercer ce droit en envoyant un message \u00e9lectronique \u00e0: contact@lesmaisonsdumaquis.com<br \/>\nVoie postale \u00e0 l\u2019adresse : SARL Les Maisons du Maquis, Les Hauts de Sant\u2019 Amanza, 20169 Bonifacio<\/p>\n<p><span style=\"color: #a59549;\"><strong>Liens vers l&#8217;internet<\/strong><\/span><\/p>\n<p>Les liens vers d\u2019autres sites (liens externes) ne sont indiqu\u00e9s qu\u2019\u00e0 titre informatif et ne sont pas sous notre contr\u00f4le ; nous ne saurions \u00eatre tenus pour responsables quant aux contenus publi\u00e9s sur ces sites. La mise en place de liens pointant vers le site\u00a0<a href=\"https:\/\/lesmaisonsdumaquis.com\">https:\/\/lesmaisonsdumaquis.com\u00a0<\/a>est formellement interdite sans notre accord.<\/p>\n<p><strong><span style=\"color: #a59549;\">L\u00e9gislation applicable<\/span><\/strong><\/p>\n<p>Le site\u00a0https:\/\/lesmaisonsdumaquis.com est soumis \u00e0 la l\u00e9gislation fran\u00e7aise.<\/p>\n<p>Le site www.lesmaisonsdumaquis.com est la propri\u00e9t\u00e9 de\u00a0<strong>&#8220;Les Maisons du Maquis&#8221;.<\/strong><br \/>\nL&#8217;ensemble des \u00e9l\u00e9ments le composant tels que, \u00e0 titre indicatif, le code source, la d\u00e9nomination, le logo, les images, les documents t\u00e9l\u00e9chargeables et tout autre document sont la propri\u00e9t\u00e9 exclusive de cette soci\u00e9t\u00e9.<\/p>\n<p>Cr\u00e9dits Photos : Les Maisons du Maquis, Eric Volto &amp; Fotolia<br \/>\nConception et R\u00e9alisation : A Grafica<br \/>\nSite h\u00e9berg\u00e9 par la soci\u00e9t\u00e9 O.V.H.<\/p>\n<p><center><strong>POLITIQUE DE\u00a0<\/strong><b>CONFIDENTIALIT\u00c9<\/b><\/center>En acc\u00e9dant \u00e0 ce site, vous \u00eates inform\u00e9s que l\u2019utilisation d\u2019Internet n\u00e9cessite le respect d\u2019un ensemble de l\u00e9gislations relatives aux droits d\u2019auteur et \u00e0 la loi Informatique et Libert\u00e9.<br \/>\nConform\u00e9ment au R\u00e8glement G\u00e9n\u00e9ral sur la Protection des Donn\u00e9es (General Data Protection R\u00e9gulation) adopt\u00e9 par le Parlement europ\u00e9en le 14 avril 2016, et \u00e0 la Loi Informatique et Libert\u00e9s du 6 janvier 1978 modifi\u00e9e, nous vous vous informons des points suivants :<\/p>\n<p><strong>La protection de la vie priv\u00e9e et des donn\u00e9es personnelles<\/strong><br \/>\n<strong>Utilisation des donn\u00e9es personnelles collect\u00e9es \u2013 formulaire de demande de renseignements ou r\u00e9servation \/ courriers \u00e9lectroniques :<\/strong><br \/>\nLes informations personnelles recueillies par le biais du formulaire de demande de renseignements ou de r\u00e9servation ou celui de la messagerie \u00e9lectronique sont destin\u00e9es uniquement \u00e0\u00a0<strong>Les Maisons du Maquis<\/strong>. Elles seront utilis\u00e9es pour les seules n\u00e9cessit\u00e9s de la gestion ou satisfaire aux obligations l\u00e9gales ou r\u00e8glementaires de la soci\u00e9t\u00e9. (Envoi de newsletter, offre commerciale, contacts relatifs \u00e0 diff\u00e9rents \u00e9v\u00e8nements organis\u00e9s par\u00a0<strong>Les Maisons du Maquis<\/strong>) Ces donn\u00e9es ne feront l\u2019objet d\u2019aucune communication ext\u00e9rieure en \u00e9tant c\u00e9d\u00e9es ou vendues \u00e0 des tiers. Elles seront conserv\u00e9es pour une dur\u00e9e de 24 mois.<\/p>\n<p><strong>Politique relative aux cookies :<\/strong><br \/>\nCe site utilise des cookies n\u00e9cessitant le recueil pr\u00e9alable de votre consentement Cette exigence concerne les cookies \u00e9mis par des tiers et qui sont qualifi\u00e9s de \u00ab persistants \u00bb dans la mesure o\u00f9 ils demeurent dans votre terminal jusqu\u2019\u00e0 leur effacement ou leur date d\u2019expiration.<br \/>\nDe tels cookies \u00e9tant \u00e9mis par des tiers, leur utilisation et leur d\u00e9p\u00f4t sont soumis \u00e0 leurs propres politiques de confidentialit\u00e9 dont vous trouverez un lien ci-dessous. Cette famille de cookie regroupe les cookies de mesure d\u2019audience (notamment Google Analytics), les cookies publicitaires (auxquels nous n\u2019avons pas recours) ainsi que les cookies de partage de r\u00e9seaux sociaux (notamment de Facebook, Instagram et Google+).<\/p>\n<p>Cookies statistique et mesure d\u2019audience :<br \/>\nLes cookies de mesure d\u2019audience \u00e9tablissent des statistiques concernant la fr\u00e9quentation et l\u2019utilisation de divers \u00e9l\u00e9ments du site web (comme les contenus\/pages que vous avez visit\u00e9). Ces donn\u00e9es participent \u00e0 l\u2019am\u00e9lioration de l\u2019ergonomie du site web de\u00a0<strong>Les Maisons du Maquis<\/strong>. Un outil de mesure d\u2019audience est utilis\u00e9 sur le pr\u00e9sent site internet : GOOGLE ANALYTICS dont la politique de confidentialit\u00e9 est disponible \u00e0 partir du lien suivant : https:\/\/www.google.com\/analytics\/learn\/privacy.html?hl=fr<\/p>\n<p><strong>Cookies de partage des r\u00e9seaux sociaux :<\/strong><br \/>\nLes cookies de partage des r\u00e9seaux sociaux sont \u00e9mis et g\u00e9r\u00e9s par l\u2019\u00e9diteur du r\u00e9seau social concern\u00e9. Sous r\u00e9serve de votre consentement, ces cookies vous permettent de partager facilement une partie du contenu publi\u00e9 sur le site de\u00a0<strong>Les Maisons du Maquis<\/strong>, notamment par l\u2019interm\u00e9diaire d\u2019un \u00ab bouton \u00bb applicatif de partage selon le r\u00e9seau social concern\u00e9. Quatre types de cookies de partage des r\u00e9seaux sociaux sont pr\u00e9sents sur le site de\u00a0<strong>Les Maisons du Maquis<\/strong>:<br \/>\n&#8211; Facebook, dont vous pouvez consulter la politique en mati\u00e8re de cookies en cliquant sur le lien suivant : https:\/\/fr.facebook.com\/policies\/cookies\/<br \/>\n&#8211; Instagram, dont vous trouverez la politique relative aux cookies en cliquant sur le lien suivant : https:\/\/help.instagram.com\/1896641480634370?ref=ig<br \/>\n&#8211; Google +, dont vous trouverez les options d\u00e9di\u00e9es au contr\u00f4le ou \u00e0 la restriction de l\u2019utilisation des cookies ainsi que la politique d\u2019utilisation des cookies : https:\/\/policies.google.com\/technologies\/types?hl=fr.<\/p>\n<p><strong>Cookies des Navigateurs :<\/strong><br \/>\nLa plupart des navigateurs Internet sont configur\u00e9s par d\u00e9faut de fa\u00e7on \u00e0 ce que le d\u00e9p\u00f4t de cookies soit autoris\u00e9. Votre navigateur vous offre l\u2019opportunit\u00e9 de modifier ces param\u00e8tres standards de mani\u00e8re \u00e0 ce que l\u2019ensemble des cookies soit rejet\u00e9 syst\u00e9matiquement ou bien \u00e0 ce qu\u2019une partie seulement des cookies soit accept\u00e9e ou refus\u00e9e en fonction de leur \u00e9metteur.<\/p>\n","protected":false},"excerpt":{"rendered":"<p>Mentions l\u00e9gales \u00c9diteur du site SARL Les Maisons du Maquis Les Hauts de Sant\u2019 Amanza 20169 Bonifacio +33 (0)6 52&#8230;<\/p>\n","protected":false},"author":1,"featured_media":0,"parent":0,"menu_order":0,"comment_status":"closed","ping_status":"closed","template":"","meta":{"footnotes":""},"class_list":["post-31877","page","type-page","status-publish"],"_links":{"self":[{"href":"https:\/\/lesmaisonsdumaquis.com\/en\/wp-json\/wp\/v2\/pages\/31877","targetHints":{"allow":["GET"]}}],"collection":[{"href":"https:\/\/lesmaisonsdumaquis.com\/en\/wp-json\/wp\/v2\/pages"}],"about":[{"href":"https:\/\/lesmaisonsdumaquis.com\/en\/wp-json\/wp\/v2\/types\/page"}],"author":[{"embeddable":true,"href":"https:\/\/lesmaisonsdumaquis.com\/en\/wp-json\/wp\/v2\/users\/1"}],"replies":[{"embeddable":true,"href":"https:\/\/lesmaisonsdumaquis.com\/en\/wp-json\/wp\/v2\/comments?post=31877"}],"version-history":[{"count":0,"href":"https:\/\/lesmaisonsdumaquis.com\/en\/wp-json\/wp\/v2\/pages\/31877\/revisions"}],"wp:attachment":[{"href":"https:\/\/lesmaisonsdumaquis.com\/en\/wp-json\/wp\/v2\/media?parent=31877"}],"curies":[{"name":"wp","href":"https:\/\/api.w.org\/{rel}","templated":true}]}}